{"id":339,"date":"2025-08-20T10:19:10","date_gmt":"2025-08-20T10:19:10","guid":{"rendered":"https:\/\/raquelparis.com\/?post_type=product&#038;p=339"},"modified":"2026-02-20T14:16:22","modified_gmt":"2026-02-20T14:16:22","slug":"primera-sesion-individual","status":"publish","type":"product","link":"https:\/\/raquelparis.com\/ca\/producto\/primera-sesion-individual\/","title":{"rendered":"PRIMERA SESIO\u0301N INDIVIDUAL &#8211; Nutrici\u00f3n"},"content":{"rendered":"","protected":false},"excerpt":{"rendered":"<div class=\"page\" title=\"Page 1\">\n<div class=\"section\">\n<div class=\"layoutArea\">\n<div class=\"column\">\n<div class=\"page\" title=\"Page 1\">\n<div class=\"section\">\n<div class=\"layoutArea\">\n<div class=\"column\">\n<div class=\"page\" title=\"Page 1\">\n<div class=\"section\">\n<div class=\"layoutArea\">\n<div class=\"column\">\n<div class=\"page\" title=\"Page 1\">\n<div class=\"section\">\n<div class=\"layoutArea\">\n<div class=\"column\">\n<p>Qu\u00e8 inclou?<\/p>\n<ul>\n<li>1 primera visita<\/li>\n<li>1 pla d\u2019alimentaci\u00f3 personalitzat (en cas que sigui necessari)<\/li>\n<li>Pla de suplementaci\u00f3 inicial en cas que sigui necessari.<\/li>\n<li>Revisi\u00f3 de proves diagn\u00f2stiques aportades a la sessi\u00f3.<\/li>\n<li>1 correu de resoluci\u00f3 de dubtes un cop enviat el pla nutricional.<\/li>\n<\/ul>\n<p>Recomanat en cas que necessitis una sessi\u00f3 de valoraci\u00f3 del teu cas sense necessitat de fer un seguiment.<\/p>\n<\/div>\n<\/div>\n<\/div>\n<\/div>\n<\/div>\n<\/div>\n<\/div>\n<\/div>\n<\/div>\n<\/div>\n<\/div>\n<\/div>\n<\/div>\n<\/div>\n<\/div>\n<\/div>","protected":false},"featured_media":267,"comment_status":"open","ping_status":"closed","template":"","meta":{"_wp_convertkit_post_meta":{"form":"-1","landing_page":"","tag":"0","restrict_content":"0"}},"product_brand":[],"product_cat":[18],"product_tag":[],"class_list":{"0":"post-339","1":"product","2":"type-product","3":"status-publish","4":"has-post-thumbnail","6":"product_cat-sin-categorizar","8":"first","9":"instock","10":"downloadable","11":"virtual","12":"purchasable","13":"product-type-simple"},"_links":{"self":[{"href":"https:\/\/raquelparis.com\/ca\/wp-json\/wp\/v2\/product\/339","targetHints":{"allow":["GET"]}}],"collection":[{"href":"https:\/\/raquelparis.com\/ca\/wp-json\/wp\/v2\/product"}],"about":[{"href":"https:\/\/raquelparis.com\/ca\/wp-json\/wp\/v2\/types\/product"}],"replies":[{"embeddable":true,"href":"https:\/\/raquelparis.com\/ca\/wp-json\/wp\/v2\/comments?post=339"}],"wp:featuredmedia":[{"embeddable":true,"href":"https:\/\/raquelparis.com\/ca\/wp-json\/wp\/v2\/media\/267"}],"wp:attachment":[{"href":"https:\/\/raquelparis.com\/ca\/wp-json\/wp\/v2\/media?parent=339"}],"wp:term":[{"taxonomy":"product_brand","embeddable":true,"href":"https:\/\/raquelparis.com\/ca\/wp-json\/wp\/v2\/product_brand?post=339"},{"taxonomy":"product_cat","embeddable":true,"href":"https:\/\/raquelparis.com\/ca\/wp-json\/wp\/v2\/product_cat?post=339"},{"taxonomy":"product_tag","embeddable":true,"href":"https:\/\/raquelparis.com\/ca\/wp-json\/wp\/v2\/product_tag?post=339"}],"curies":[{"name":"wp","href":"https:\/\/api.w.org\/{rel}","templated":true}]}}