{"id":338,"date":"2025-08-20T10:17:37","date_gmt":"2025-08-20T10:17:37","guid":{"rendered":"https:\/\/raquelparis.com\/?post_type=product&#038;p=338"},"modified":"2026-02-20T14:17:34","modified_gmt":"2026-02-20T14:17:34","slug":"acompanamiento-trimestral-salud-integrativa","status":"publish","type":"product","link":"https:\/\/raquelparis.com\/ca\/producto\/acompanamiento-trimestral-salud-integrativa\/","title":{"rendered":"PACK SALUD INTEGRATIVA &#8211;  Nutrici\u00f3n"},"content":{"rendered":"","protected":false},"excerpt":{"rendered":"<div class=\"page\" title=\"Page 1\">\n<div class=\"section\">\n<div class=\"layoutArea\">\n<div class=\"column\">\n<div class=\"page\" title=\"Page 1\">\n<div class=\"section\">\n<div class=\"layoutArea\">\n<div class=\"column\">\n<div class=\"page\" title=\"Page 1\">\n<div class=\"section\">\n<div class=\"layoutArea\">\n<div class=\"column\">\n<p><strong>Primera sesio\u0301n + 2 seguimientos.<\/strong><\/p>\n<p>Qu\u00e8 inclou?<\/p>\n<ul>\n<li>1 primera sessi\u00f3 d\u20191 h.30 min + 2 sessions de seguiment de 45 min. a realitzar en 4 mesos.<\/li>\n<li>3 plans d\u2019alimentaci\u00f3 personalitzats.<\/li>\n<\/ul>\n<p>Es la mejor opcio\u0301n si quieres ver resultados y te ayude a sanar desde la rai\u0301z del problema. Recomendado si necesitas abordar cualquier tema de salud en el que te sientas perdida, que requiera acompan\u0303amiento y adaptacio\u0301n en funcio\u0301n de la evolucio\u0301n.<\/p>\n<p>Una vegada acabades les tres sessions, si \u00e9s necessari seguir amb l'acompanyament, tindr\u00e0s opci\u00f3 d'agafar packs de seguiment amb un preu redu\u00eft respecte a sessions individuals de seguiment.<\/p>\n<\/div>\n<\/div>\n<\/div>\n<\/div>\n<\/div>\n<\/div>\n<\/div>\n<\/div>\n<\/div>\n<\/div>\n<\/div>\n<\/div>","protected":false},"featured_media":267,"comment_status":"open","ping_status":"closed","template":"","meta":{"_wp_convertkit_post_meta":{"form":"-1","landing_page":"","tag":"0","restrict_content":"0"}},"product_brand":[],"product_cat":[18],"product_tag":[],"class_list":{"0":"post-338","1":"product","2":"type-product","3":"status-publish","4":"has-post-thumbnail","6":"product_cat-sin-categorizar","8":"first","9":"instock","10":"downloadable","11":"virtual","12":"purchasable","13":"product-type-simple"},"_links":{"self":[{"href":"https:\/\/raquelparis.com\/ca\/wp-json\/wp\/v2\/product\/338","targetHints":{"allow":["GET"]}}],"collection":[{"href":"https:\/\/raquelparis.com\/ca\/wp-json\/wp\/v2\/product"}],"about":[{"href":"https:\/\/raquelparis.com\/ca\/wp-json\/wp\/v2\/types\/product"}],"replies":[{"embeddable":true,"href":"https:\/\/raquelparis.com\/ca\/wp-json\/wp\/v2\/comments?post=338"}],"wp:featuredmedia":[{"embeddable":true,"href":"https:\/\/raquelparis.com\/ca\/wp-json\/wp\/v2\/media\/267"}],"wp:attachment":[{"href":"https:\/\/raquelparis.com\/ca\/wp-json\/wp\/v2\/media?parent=338"}],"wp:term":[{"taxonomy":"product_brand","embeddable":true,"href":"https:\/\/raquelparis.com\/ca\/wp-json\/wp\/v2\/product_brand?post=338"},{"taxonomy":"product_cat","embeddable":true,"href":"https:\/\/raquelparis.com\/ca\/wp-json\/wp\/v2\/product_cat?post=338"},{"taxonomy":"product_tag","embeddable":true,"href":"https:\/\/raquelparis.com\/ca\/wp-json\/wp\/v2\/product_tag?post=338"}],"curies":[{"name":"wp","href":"https:\/\/api.w.org\/{rel}","templated":true}]}}