{"id":336,"date":"2025-08-20T10:14:50","date_gmt":"2025-08-20T10:14:50","guid":{"rendered":"https:\/\/raquelparis.com\/?post_type=product&#038;p=336"},"modified":"2026-02-20T14:18:35","modified_gmt":"2026-02-20T14:18:35","slug":"primera-sesion-1h-psicologia","status":"publish","type":"product","link":"https:\/\/raquelparis.com\/ca\/producto\/primera-sesion-1h-psicologia\/","title":{"rendered":"PRIMERA SESIO\u0301N 1h &#8211; Psicolog\u00eda"},"content":{"rendered":"","protected":false},"excerpt":{"rendered":"<div class=\"page\" title=\"Page 1\">\n<div class=\"section\">\n<div class=\"layoutArea\">\n<div class=\"column\">\n<p>En ella m'expliques qu\u00e8 t'ha portat aqu\u00ed. Si no ho saps o costa explicar-ho, no et preocupis, trobarem la manera de poder donar-li forma. Pactem, entre les dues, uns objectius inicials, els quals poden anar canviant a mesura que avancem en el proc\u00e9s terap\u00e8utic. El tractament ser\u00e0 a la teva mesura. Cada persona \u00e9s diferent, i per aix\u00f2, cada tractament tamb\u00e9. Tindr\u00e0s un rol actiu en tot el proc\u00e9s. El\/la protagonista ets tu. Tens capacitat de decisi\u00f3 sobre quina direcci\u00f3 prendre en tot moment.<\/p>\n<\/div>\n<\/div>\n<\/div>\n<\/div>","protected":false},"featured_media":272,"comment_status":"open","ping_status":"closed","template":"","meta":{"_wp_convertkit_post_meta":{"form":"-1","landing_page":"","tag":"0","restrict_content":"0"}},"product_brand":[],"product_cat":[18],"product_tag":[],"class_list":{"0":"post-336","1":"product","2":"type-product","3":"status-publish","4":"has-post-thumbnail","6":"product_cat-sin-categorizar","8":"first","9":"instock","10":"downloadable","11":"virtual","12":"purchasable","13":"product-type-simple"},"_links":{"self":[{"href":"https:\/\/raquelparis.com\/ca\/wp-json\/wp\/v2\/product\/336","targetHints":{"allow":["GET"]}}],"collection":[{"href":"https:\/\/raquelparis.com\/ca\/wp-json\/wp\/v2\/product"}],"about":[{"href":"https:\/\/raquelparis.com\/ca\/wp-json\/wp\/v2\/types\/product"}],"replies":[{"embeddable":true,"href":"https:\/\/raquelparis.com\/ca\/wp-json\/wp\/v2\/comments?post=336"}],"wp:featuredmedia":[{"embeddable":true,"href":"https:\/\/raquelparis.com\/ca\/wp-json\/wp\/v2\/media\/272"}],"wp:attachment":[{"href":"https:\/\/raquelparis.com\/ca\/wp-json\/wp\/v2\/media?parent=336"}],"wp:term":[{"taxonomy":"product_brand","embeddable":true,"href":"https:\/\/raquelparis.com\/ca\/wp-json\/wp\/v2\/product_brand?post=336"},{"taxonomy":"product_cat","embeddable":true,"href":"https:\/\/raquelparis.com\/ca\/wp-json\/wp\/v2\/product_cat?post=336"},{"taxonomy":"product_tag","embeddable":true,"href":"https:\/\/raquelparis.com\/ca\/wp-json\/wp\/v2\/product_tag?post=336"}],"curies":[{"name":"wp","href":"https:\/\/api.w.org\/{rel}","templated":true}]}}