{"id":493,"date":"2025-08-27T11:40:06","date_gmt":"2025-08-27T11:40:06","guid":{"rendered":"https:\/\/raquelparis.com\/?page_id=493"},"modified":"2025-11-06T17:18:22","modified_gmt":"2025-11-06T17:18:22","slug":"condicions-generals-de-contractacio","status":"publish","type":"page","link":"https:\/\/raquelparis.com\/ca\/condiciones-generales-de-contratacion\/","title":{"rendered":"Condicions generals de contractaci\u00f3"},"content":{"rendered":"<div data-elementor-type=\"wp-post\" data-elementor-id=\"493\" class=\"elementor elementor-493\" data-elementor-post-type=\"page\">\n\t\t\t\t\t\t<section class=\"elementor-section elementor-top-section elementor-element elementor-element-b24599d elementor-section-boxed elementor-section-height-default elementor-section-height-default\" data-id=\"b24599d\" data-element_type=\"section\" data-e-type=\"section\" data-settings=\"{&quot;background_background&quot;:&quot;classic&quot;}\">\n\t\t\t\t\t\t<div class=\"elementor-container elementor-column-gap-no\">\n\t\t\t\t\t<div class=\"elementor-column elementor-col-100 elementor-top-column elementor-element elementor-element-0b1a528\" data-id=\"0b1a528\" data-element_type=\"column\" data-e-type=\"column\" data-settings=\"{&quot;background_background&quot;:&quot;classic&quot;}\">\n\t\t\t<div class=\"elementor-widget-wrap elementor-element-populated\">\n\t\t\t\t\t\t<div class=\"elementor-element elementor-element-133a166 elementor-widget elementor-widget-spacer\" data-id=\"133a166\" data-element_type=\"widget\" data-e-type=\"widget\" data-widget_type=\"spacer.default\">\n\t\t\t\t\t\t\t<div class=\"elementor-spacer\">\n\t\t\t<div class=\"elementor-spacer-inner\"><\/div>\n\t\t<\/div>\n\t\t\t\t\t\t<\/div>\n\t\t\t\t<div class=\"elementor-element elementor-element-ae3d634 elementor-widget elementor-widget-heading\" data-id=\"ae3d634\" data-element_type=\"widget\" data-e-type=\"widget\" data-widget_type=\"heading.default\">\n\t\t\t\t\t<h1 class=\"elementor-heading-title elementor-size-default\">Condicions generals de contractaci\u00f3<\/h1>\t\t\t\t<\/div>\n\t\t\t\t<div class=\"elementor-element elementor-element-a54d5a3 elementor-widget elementor-widget-text-editor\" data-id=\"a54d5a3\" data-element_type=\"widget\" data-e-type=\"widget\" data-widget_type=\"text-editor.default\">\n\t\t\t\t\t\t\t\t\t<div class=\"page\" title=\"Page 1\"><div class=\"section\"><div class=\"layoutArea\"><div class=\"column\"><p class=\"p1\">Aquestes condicions regulen la compra de serveis de nutrici\u00f3 oferts per Raquel Par\u00eds a trav\u00e9s del present lloc web.<\/p><p class=\"p1\"><span class=\"s1\"><b>1. <\/b><\/span><b>Objecte<\/b>Assessorament nutricional personalitzat, consultes en l\u00ednia o presencials i programes d\u2019acompanyament.<\/p><p class=\"p1\"><span class=\"s1\"><b>2. <\/b><\/span><b>Contractaci\u00f3<\/b>: Es formalitza un cop realitzat el pagament a trav\u00e9s de la plataforma corresponent.<\/p><p class=\"p1\"><span class=\"s1\"><b>3. <\/b><\/span><b>Preus i pagaments<\/b>: Els preus s\u00f3n els indicats al web. Els pagaments es fan per endavant mitjan\u00e7ant passarel\u00b7la de pagament.<\/p><p class=\"p1\"><span class=\"s1\"><b>4. <\/b><\/span><b>Cancel\u00b7lacions i devolucions<\/b>: Pots cancel\u00b7lar una sessi\u00f3 amb un m\u00ednim de 24 h d\u2019antelaci\u00f3. En cas contrari, la sessi\u00f3 es considerar\u00e0 realitzada. Els programes o packs no admeten devoluci\u00f3 un cop iniciats. A m\u00e9s, els packs s\u00f3n <b>personals i intransferibles<\/b>, i les visites incloses s\u2019hauran de realitzar de manera continuada en un termini m\u00e0xim de <b>4 mesos<\/b> des de la contractaci\u00f3.<\/p><p class=\"p1\"><span class=\"s1\"><b>5. <\/b><\/span><b>Responsabilitat<\/b>: Els serveis prestats tenen una finalitat informativa i d\u2019acompanyament, i en cap cas substitueixen el diagn\u00f2stic ni el tractament m\u00e8dic.<\/p><\/div><\/div><\/div><\/div>\t\t\t\t\t\t\t\t<\/div>\n\t\t\t\t<div class=\"elementor-element elementor-element-79b2045 elementor-widget elementor-widget-spacer\" data-id=\"79b2045\" data-element_type=\"widget\" data-e-type=\"widget\" data-widget_type=\"spacer.default\">\n\t\t\t\t\t\t\t<div class=\"elementor-spacer\">\n\t\t\t<div class=\"elementor-spacer-inner\"><\/div>\n\t\t<\/div>\n\t\t\t\t\t\t<\/div>\n\t\t\t\t\t<\/div>\n\t\t<\/div>\n\t\t\t\t\t<\/div>\n\t\t<\/section>\n\t\t\t\t<section class=\"elementor-section elementor-top-section elementor-element elementor-element-bd00fe4 elementor-section-full_width elementor-section-height-default elementor-section-height-default\" data-id=\"bd00fe4\" data-element_type=\"section\" data-e-type=\"section\" data-settings=\"{&quot;background_background&quot;:&quot;classic&quot;}\">\n\t\t\t\t\t\t<div class=\"elementor-container elementor-column-gap-default\">\n\t\t\t\t\t<div class=\"elementor-column elementor-col-100 elementor-top-column elementor-element elementor-element-a8ab1d0\" data-id=\"a8ab1d0\" data-element_type=\"column\" data-e-type=\"column\" data-settings=\"{&quot;background_background&quot;:&quot;classic&quot;}\">\n\t\t\t<div class=\"elementor-widget-wrap elementor-element-populated\">\n\t\t\t\t\t\t<div class=\"elementor-element elementor-element-f6255bc elementor-widget elementor-widget-spacer\" data-id=\"f6255bc\" data-element_type=\"widget\" data-e-type=\"widget\" data-widget_type=\"spacer.default\">\n\t\t\t\t\t\t\t<div class=\"elementor-spacer\">\n\t\t\t<div class=\"elementor-spacer-inner\"><\/div>\n\t\t<\/div>\n\t\t\t\t\t\t<\/div>\n\t\t\t\t\t<\/div>\n\t\t<\/div>\n\t\t\t\t\t<\/div>\n\t\t<\/section>\n\t\t\t\t<\/div>","protected":false},"excerpt":{"rendered":"<p>Condiciones generales de contrataci\u00f3n Estas condiciones regulan la compra de servicios de nutrici\u00f3n ofrecidos por Raquel Par\u00eds a trav\u00e9s de este sitio web: 1. Objeto: Asesoramiento nutricional personalizado, consultas online o presenciales y programas de acompa\u00f1amiento. 2. Contrataci\u00f3n: Se formaliza una vez realizado el pago a trav\u00e9s de la plataforma correspondiente. 3. Precios y pagos: &#8230; <a title=\"Condicions generals de contractaci\u00f3\" class=\"read-more\" href=\"https:\/\/raquelparis.com\/ca\/condiciones-generales-de-contratacion\/\" aria-label=\"M\u00e9s informaci\u00f3 sobre Condiciones generales de contrataci\u00f3n\">Llegiu m\u00e9s<\/a><\/p>","protected":false},"author":2,"featured_media":0,"parent":0,"menu_order":0,"comment_status":"closed","ping_status":"closed","template":"elementor_header_footer","meta":{"footnotes":""},"class_list":["post-493","page","type-page","status-publish"],"_links":{"self":[{"href":"https:\/\/raquelparis.com\/ca\/wp-json\/wp\/v2\/pages\/493","targetHints":{"allow":["GET"]}}],"collection":[{"href":"https:\/\/raquelparis.com\/ca\/wp-json\/wp\/v2\/pages"}],"about":[{"href":"https:\/\/raquelparis.com\/ca\/wp-json\/wp\/v2\/types\/page"}],"author":[{"embeddable":true,"href":"https:\/\/raquelparis.com\/ca\/wp-json\/wp\/v2\/users\/2"}],"replies":[{"embeddable":true,"href":"https:\/\/raquelparis.com\/ca\/wp-json\/wp\/v2\/comments?post=493"}],"version-history":[{"count":7,"href":"https:\/\/raquelparis.com\/ca\/wp-json\/wp\/v2\/pages\/493\/revisions"}],"predecessor-version":[{"id":938,"href":"https:\/\/raquelparis.com\/ca\/wp-json\/wp\/v2\/pages\/493\/revisions\/938"}],"wp:attachment":[{"href":"https:\/\/raquelparis.com\/ca\/wp-json\/wp\/v2\/media?parent=493"}],"curies":[{"name":"wp","href":"https:\/\/api.w.org\/{rel}","templated":true}]}}