{"id":488,"date":"2025-08-27T11:38:56","date_gmt":"2025-08-27T11:38:56","guid":{"rendered":"https:\/\/raquelparis.com\/?page_id=488"},"modified":"2025-11-06T17:19:59","modified_gmt":"2025-11-06T17:19:59","slug":"politica-de-cookies","status":"publish","type":"page","link":"https:\/\/raquelparis.com\/ca\/politica-de-cookies\/","title":{"rendered":"Pol\u00edtica de cookies"},"content":{"rendered":"<div data-elementor-type=\"wp-post\" data-elementor-id=\"488\" class=\"elementor elementor-488\" data-elementor-post-type=\"page\">\n\t\t\t\t\t\t<section class=\"elementor-section elementor-top-section elementor-element elementor-element-b24599d elementor-section-boxed elementor-section-height-default elementor-section-height-default\" data-id=\"b24599d\" data-element_type=\"section\" data-e-type=\"section\" data-settings=\"{&quot;background_background&quot;:&quot;classic&quot;}\">\n\t\t\t\t\t\t<div class=\"elementor-container elementor-column-gap-no\">\n\t\t\t\t\t<div class=\"elementor-column elementor-col-100 elementor-top-column elementor-element elementor-element-0b1a528\" data-id=\"0b1a528\" data-element_type=\"column\" data-e-type=\"column\" data-settings=\"{&quot;background_background&quot;:&quot;classic&quot;}\">\n\t\t\t<div class=\"elementor-widget-wrap elementor-element-populated\">\n\t\t\t\t\t\t<div class=\"elementor-element elementor-element-133a166 elementor-widget elementor-widget-spacer\" data-id=\"133a166\" data-element_type=\"widget\" data-e-type=\"widget\" data-widget_type=\"spacer.default\">\n\t\t\t\t\t\t\t<div class=\"elementor-spacer\">\n\t\t\t<div class=\"elementor-spacer-inner\"><\/div>\n\t\t<\/div>\n\t\t\t\t\t\t<\/div>\n\t\t\t\t<div class=\"elementor-element elementor-element-ae3d634 elementor-widget elementor-widget-heading\" data-id=\"ae3d634\" data-element_type=\"widget\" data-e-type=\"widget\" data-widget_type=\"heading.default\">\n\t\t\t\t\t<h1 class=\"elementor-heading-title elementor-size-default\">Pol\u00edtica de cookies<\/h1>\t\t\t\t<\/div>\n\t\t\t\t<div class=\"elementor-element elementor-element-a54d5a3 elementor-widget elementor-widget-text-editor\" data-id=\"a54d5a3\" data-element_type=\"widget\" data-e-type=\"widget\" data-widget_type=\"text-editor.default\">\n\t\t\t\t\t\t\t\t\t<div class=\"page\" title=\"Page 1\"><div class=\"section\"><div class=\"layoutArea\"><div class=\"column\"><p class=\"p1\">Este sitio web utiliza cookies propias y de terceros con fines t\u00e9cnicos, de an\u00e1lisis y de personalizaci\u00f3n, para mejorar la experiencia de usuario.<\/p><p class=\"p1\"><span class=\"s1\">\u2022 <\/span>El usuario puede <b>aceptar, configurar o rechazar<\/b> las cookies a trav\u00e9s del panel de configuraci\u00f3n habilitado.<\/p><p class=\"p1\"><span class=\"s1\">\u2022 <\/span>Puedes obtener m\u00e1s informaci\u00f3n en la gu\u00eda de cookies de la Agencia Espa\u00f1ola de Protecci\u00f3n de Datos: www.aepd.es<\/p><\/div><\/div><\/div><\/div>\t\t\t\t\t\t\t\t<\/div>\n\t\t\t\t<div class=\"elementor-element elementor-element-79b2045 elementor-widget elementor-widget-spacer\" data-id=\"79b2045\" data-element_type=\"widget\" data-e-type=\"widget\" data-widget_type=\"spacer.default\">\n\t\t\t\t\t\t\t<div class=\"elementor-spacer\">\n\t\t\t<div class=\"elementor-spacer-inner\"><\/div>\n\t\t<\/div>\n\t\t\t\t\t\t<\/div>\n\t\t\t\t\t<\/div>\n\t\t<\/div>\n\t\t\t\t\t<\/div>\n\t\t<\/section>\n\t\t\t\t<section class=\"elementor-section elementor-top-section elementor-element elementor-element-bd00fe4 elementor-section-full_width elementor-section-height-default elementor-section-height-default\" data-id=\"bd00fe4\" data-element_type=\"section\" data-e-type=\"section\" data-settings=\"{&quot;background_background&quot;:&quot;classic&quot;}\">\n\t\t\t\t\t\t<div class=\"elementor-container elementor-column-gap-default\">\n\t\t\t\t\t<div class=\"elementor-column elementor-col-100 elementor-top-column elementor-element elementor-element-a8ab1d0\" data-id=\"a8ab1d0\" data-element_type=\"column\" data-e-type=\"column\" data-settings=\"{&quot;background_background&quot;:&quot;classic&quot;}\">\n\t\t\t<div class=\"elementor-widget-wrap elementor-element-populated\">\n\t\t\t\t\t\t<div class=\"elementor-element elementor-element-f6255bc elementor-widget elementor-widget-spacer\" data-id=\"f6255bc\" data-element_type=\"widget\" data-e-type=\"widget\" data-widget_type=\"spacer.default\">\n\t\t\t\t\t\t\t<div class=\"elementor-spacer\">\n\t\t\t<div class=\"elementor-spacer-inner\"><\/div>\n\t\t<\/div>\n\t\t\t\t\t\t<\/div>\n\t\t\t\t\t<\/div>\n\t\t<\/div>\n\t\t\t\t\t<\/div>\n\t\t<\/section>\n\t\t\t\t<\/div>","protected":false},"excerpt":{"rendered":"<p>Pol\u00edtica de cookies Este sitio web utiliza cookies propias y de terceros con fines t\u00e9cnicos, de an\u00e1lisis y de personalizaci\u00f3n, para mejorar la experiencia de usuario. \u2022 El usuario puede aceptar, configurar o rechazar las cookies a trav\u00e9s del panel de configuraci\u00f3n habilitado. \u2022 Puedes obtener m\u00e1s informaci\u00f3n en la gu\u00eda de cookies de la &#8230; <a title=\"Pol\u00edtica de cookies\" class=\"read-more\" href=\"https:\/\/raquelparis.com\/ca\/politica-de-cookies\/\" aria-label=\"M\u00e9s informaci\u00f3 sobre Pol\u00edtica de cookies\">Llegiu m\u00e9s<\/a><\/p>","protected":false},"author":2,"featured_media":0,"parent":0,"menu_order":0,"comment_status":"closed","ping_status":"closed","template":"elementor_header_footer","meta":{"footnotes":""},"class_list":["post-488","page","type-page","status-publish"],"_links":{"self":[{"href":"https:\/\/raquelparis.com\/ca\/wp-json\/wp\/v2\/pages\/488","targetHints":{"allow":["GET"]}}],"collection":[{"href":"https:\/\/raquelparis.com\/ca\/wp-json\/wp\/v2\/pages"}],"about":[{"href":"https:\/\/raquelparis.com\/ca\/wp-json\/wp\/v2\/types\/page"}],"author":[{"embeddable":true,"href":"https:\/\/raquelparis.com\/ca\/wp-json\/wp\/v2\/users\/2"}],"replies":[{"embeddable":true,"href":"https:\/\/raquelparis.com\/ca\/wp-json\/wp\/v2\/comments?post=488"}],"version-history":[{"count":7,"href":"https:\/\/raquelparis.com\/ca\/wp-json\/wp\/v2\/pages\/488\/revisions"}],"predecessor-version":[{"id":947,"href":"https:\/\/raquelparis.com\/ca\/wp-json\/wp\/v2\/pages\/488\/revisions\/947"}],"wp:attachment":[{"href":"https:\/\/raquelparis.com\/ca\/wp-json\/wp\/v2\/media?parent=488"}],"curies":[{"name":"wp","href":"https:\/\/api.w.org\/{rel}","templated":true}]}}