{"id":472,"date":"2025-08-27T11:33:17","date_gmt":"2025-08-27T11:33:17","guid":{"rendered":"https:\/\/raquelparis.com\/?page_id=472"},"modified":"2025-11-06T17:18:09","modified_gmt":"2025-11-06T17:18:09","slug":"avis-legal","status":"publish","type":"page","link":"https:\/\/raquelparis.com\/ca\/aviso-legal\/","title":{"rendered":"Av\u00eds Legal"},"content":{"rendered":"<div data-elementor-type=\"wp-post\" data-elementor-id=\"472\" class=\"elementor elementor-472\" data-elementor-post-type=\"page\">\n\t\t\t\t\t\t<section class=\"elementor-section elementor-top-section elementor-element elementor-element-b24599d elementor-section-boxed elementor-section-height-default elementor-section-height-default\" data-id=\"b24599d\" data-element_type=\"section\" data-e-type=\"section\" data-settings=\"{&quot;background_background&quot;:&quot;classic&quot;}\">\n\t\t\t\t\t\t<div class=\"elementor-container elementor-column-gap-no\">\n\t\t\t\t\t<div class=\"elementor-column elementor-col-100 elementor-top-column elementor-element elementor-element-0b1a528\" data-id=\"0b1a528\" data-element_type=\"column\" data-e-type=\"column\" data-settings=\"{&quot;background_background&quot;:&quot;classic&quot;}\">\n\t\t\t<div class=\"elementor-widget-wrap elementor-element-populated\">\n\t\t\t\t\t\t<div class=\"elementor-element elementor-element-133a166 elementor-widget elementor-widget-spacer\" data-id=\"133a166\" data-element_type=\"widget\" data-e-type=\"widget\" data-widget_type=\"spacer.default\">\n\t\t\t\t\t\t\t<div class=\"elementor-spacer\">\n\t\t\t<div class=\"elementor-spacer-inner\"><\/div>\n\t\t<\/div>\n\t\t\t\t\t\t<\/div>\n\t\t\t\t<div class=\"elementor-element elementor-element-ae3d634 elementor-widget elementor-widget-heading\" data-id=\"ae3d634\" data-element_type=\"widget\" data-e-type=\"widget\" data-widget_type=\"heading.default\">\n\t\t\t\t\t<h1 class=\"elementor-heading-title elementor-size-default\">Av\u00eds Legal<\/h1>\t\t\t\t<\/div>\n\t\t\t\t<div class=\"elementor-element elementor-element-a54d5a3 elementor-widget elementor-widget-text-editor\" data-id=\"a54d5a3\" data-element_type=\"widget\" data-e-type=\"widget\" data-widget_type=\"text-editor.default\">\n\t\t\t\t\t\t\t\t\t<div class=\"page\" title=\"Page 1\"><div class=\"section\"><div class=\"layoutArea\"><div class=\"column\"><p class=\"p1\">En compliment del que estableix la Llei 34\/2002, d\u201911 de juliol, de serveis de la societat de la informaci\u00f3 i de comer\u00e7 electr\u00f2nic (LSSI-CE), s\u2019informa que la titular d\u2019aquest lloc web \u00e9s:<\/p><p class=\"p1\"><span class=\"s1\"><b>\u2022 <\/b><\/span><b>Nom i cognoms<\/b>: Raquel Par\u00eds Garcia<\/p><p class=\"p1\"><span class=\"s1\"><b>\u2022 <\/b><\/span><b>NIF<\/b>: 78102911V<\/p><p class=\"p1\"><span class=\"s1\"><b>\u2022 <\/b><\/span><b>Activitat professional<\/b>: Dietista-Nutricionista<\/p><p class=\"p1\"><span class=\"s1\"><b>\u2022<\/b> <\/span><strong>Correu electr\u00f2nic de contacte<\/strong> info@raquelparis.com<\/p><p class=\"p1\">L\u2019\u00fas d\u2019aquest lloc web implica l\u2019acceptaci\u00f3 plena i sense reserves de totes i cadascuna de les disposicions incloses en aquest Av\u00eds legal. L\u2019usuari es compromet a fer un \u00fas adequat dels continguts i serveis que s\u2019hi ofereixen i a no emprar-los amb finalitats il\u00b7l\u00edcites, contr\u00e0ries a la bona fe o a l\u2019ordre p\u00fablic.<\/p><\/div><\/div><\/div><\/div>\t\t\t\t\t\t\t\t<\/div>\n\t\t\t\t<div class=\"elementor-element elementor-element-79b2045 elementor-widget elementor-widget-spacer\" data-id=\"79b2045\" data-element_type=\"widget\" data-e-type=\"widget\" data-widget_type=\"spacer.default\">\n\t\t\t\t\t\t\t<div class=\"elementor-spacer\">\n\t\t\t<div class=\"elementor-spacer-inner\"><\/div>\n\t\t<\/div>\n\t\t\t\t\t\t<\/div>\n\t\t\t\t\t<\/div>\n\t\t<\/div>\n\t\t\t\t\t<\/div>\n\t\t<\/section>\n\t\t\t\t<section class=\"elementor-section elementor-top-section elementor-element elementor-element-bd00fe4 elementor-section-full_width elementor-section-height-default elementor-section-height-default\" data-id=\"bd00fe4\" data-element_type=\"section\" data-e-type=\"section\" data-settings=\"{&quot;background_background&quot;:&quot;classic&quot;}\">\n\t\t\t\t\t\t<div class=\"elementor-container elementor-column-gap-default\">\n\t\t\t\t\t<div class=\"elementor-column elementor-col-100 elementor-top-column elementor-element elementor-element-a8ab1d0\" data-id=\"a8ab1d0\" data-element_type=\"column\" data-e-type=\"column\" data-settings=\"{&quot;background_background&quot;:&quot;classic&quot;}\">\n\t\t\t<div class=\"elementor-widget-wrap elementor-element-populated\">\n\t\t\t\t\t\t<div class=\"elementor-element elementor-element-f6255bc elementor-widget elementor-widget-spacer\" data-id=\"f6255bc\" data-element_type=\"widget\" data-e-type=\"widget\" data-widget_type=\"spacer.default\">\n\t\t\t\t\t\t\t<div class=\"elementor-spacer\">\n\t\t\t<div class=\"elementor-spacer-inner\"><\/div>\n\t\t<\/div>\n\t\t\t\t\t\t<\/div>\n\t\t\t\t\t<\/div>\n\t\t<\/div>\n\t\t\t\t\t<\/div>\n\t\t<\/section>\n\t\t\t\t<\/div>","protected":false},"excerpt":{"rendered":"<p>Aviso legal En cumplimiento con lo establecido en la Ley 34\/2002, de 11 de julio, de servicios de la sociedad de la informaci\u00f3n y de comercio electr\u00f3nico (LSSI-CE), se informa que la titular de este sitio web es: \u2022 Nombre y apellidos: Raquel Par\u00eds Garcia \u2022 NIF: 78102911V \u2022 Actividad profesional: Dietista-Nutricionista \u2022 Correo electr\u00f3nico &#8230; <a title=\"Av\u00eds Legal\" class=\"read-more\" href=\"https:\/\/raquelparis.com\/ca\/aviso-legal\/\" aria-label=\"M\u00e9s informaci\u00f3 sobre Aviso legal\">Llegiu m\u00e9s<\/a><\/p>","protected":false},"author":2,"featured_media":0,"parent":0,"menu_order":0,"comment_status":"closed","ping_status":"closed","template":"elementor_header_footer","meta":{"footnotes":""},"class_list":["post-472","page","type-page","status-publish"],"_links":{"self":[{"href":"https:\/\/raquelparis.com\/ca\/wp-json\/wp\/v2\/pages\/472","targetHints":{"allow":["GET"]}}],"collection":[{"href":"https:\/\/raquelparis.com\/ca\/wp-json\/wp\/v2\/pages"}],"about":[{"href":"https:\/\/raquelparis.com\/ca\/wp-json\/wp\/v2\/types\/page"}],"author":[{"embeddable":true,"href":"https:\/\/raquelparis.com\/ca\/wp-json\/wp\/v2\/users\/2"}],"replies":[{"embeddable":true,"href":"https:\/\/raquelparis.com\/ca\/wp-json\/wp\/v2\/comments?post=472"}],"version-history":[{"count":13,"href":"https:\/\/raquelparis.com\/ca\/wp-json\/wp\/v2\/pages\/472\/revisions"}],"predecessor-version":[{"id":935,"href":"https:\/\/raquelparis.com\/ca\/wp-json\/wp\/v2\/pages\/472\/revisions\/935"}],"wp:attachment":[{"href":"https:\/\/raquelparis.com\/ca\/wp-json\/wp\/v2\/media?parent=472"}],"curies":[{"name":"wp","href":"https:\/\/api.w.org\/{rel}","templated":true}]}}